{"id":4575,"date":"2020-12-26T11:57:35","date_gmt":"2020-12-26T11:57:35","guid":{"rendered":"https:\/\/www.italyus160.org\/?page_id=4575"},"modified":"2021-12-22T17:01:57","modified_gmt":"2021-12-22T17:01:57","slug":"discover-italy","status":"publish","type":"page","link":"https:\/\/www.italyus160.org\/it\/discover-italy\/","title":{"rendered":"Discover Italy"},"content":{"rendered":"[vc_row][vc_column][vc_column_text]\n<h4>DISCOVER ITALY<\/h4>\n[\/vc_column_text][vc_empty_space][vc_video link=&#8221;https:\/\/youtu.be\/5s2eUiNlp00&#8243; align=&#8221;center&#8221;][vc_empty_space][\/vc_column][\/vc_row][vc_row][vc_column][vc_single_image image=&#8221;4640&#8243; img_size=&#8221;full&#8221; alignment=&#8221;center&#8221;][vc_empty_space][\/vc_column][\/vc_row][vc_row][vc_column][vc_column_text]\n<h3>L\u2019ITALIA ACCOGLIE I VISITATORI CON LE SUE INFINITE POSSIBILIT\u00c0<\/h3>\n[\/vc_column_text][vc_column_text]L\u2019Italia \u00e8 un paese ricco di bellezza, cultura e arte che garantisce ai visitatori un&#8217;esperienza sensoriale indimenticabile grazie agli straordinari doni che offre ai suoi ospiti. \u00c8 un paese accogliente tutto l&#8217;anno. Sia che si desideri esplorare il passato, assaggiare sapori inebrianti o rilassarsi apprezzando meravigliosi panorami, questa pagina prender\u00e0 per mano coloro che hanno il desiderio di visitare l\u2019Italia accompagnandoli a scoprire il Belpaese.<br \/>\nL&#8217;Italia \u00e8 da sempre fonte di ispirazione per artisti di tutto il mondo e coloro che sono alla ricerca di bellezza. Una destinazione da ammirare ed esplorare 12 mesi all\u2019anno, dalle Alpi al Mar Mediterraneo piedi, con un tesoro di capolavori della civilt\u00e0 greca e romana, dell\u2019et\u00e0 medievale e rinascimentale.<br \/>\nIl profondo fascino dell&#8217;Italia si ritrova in tutto il Paese per molteplici ragioni: la ricchezza della sua storia millenaria, l\u2019incoparabile patrimonio di capolavori d&#8217;arte e monumenti, le assolate spiagge, le maestose vette, gli splendidi laghi e le verdeggianti colline e pianure, ricoperte di vigneti e ulivi.<br \/>\nMade in Italy \u00e8 un&#8217;espressione che evoca in tutto il mondo l&#8217;idea dei prodotti italiani. Il motivo della fama di questa espressione che nel tempo \u00e8 diventata un vero e proprio brand, \u00e8 la qualit\u00e0 che caratterizza le eccellenze artigianali e industriali italiane. I prodotti italiani che si fregiano di questo titolo sono particolarmente ricercati sui mercati mondiali per la qualit\u00e0 e l&#8217;affidabilit\u00e0, per la fantasia e l&#8217;originalit\u00e0 del design, per la loro durata e sicurezza, per il gusto e il sapore inconfondibili. Sono il binomio perfetto di tradizione ed innovazione.<br \/>\nL&#8217;Italia offre ai viaggiatori l&#8217;opportunit\u00e0 di vivere esperienze uniche e straordinarie: dall\u2019enogastronomia allo shopping, ai concerti di lirica, al turismo attivo estivo ed invernale, al relax alle terme, agli aperitivi in straordinarie locations.<br \/>\nUn museo a cielo aperto, con infinite possibilit\u00e0 racchiuse in un unico paese. Questa \u00e8 l\u2019Italia.[\/vc_column_text][vc_empty_space][\/vc_column][\/vc_row][vc_row][vc_column width=&#8221;2\/3&#8243;][vc_gallery type=&#8221;image_grid&#8221; images=&#8221;4642,4638,4636&#8243;][\/vc_column][vc_column width=&#8221;1\/3&#8243;][\/vc_column][\/vc_row][vc_row][vc_column][vc_empty_space height=&#8221;15px&#8221;][\/vc_column][\/vc_row][vc_row][vc_column width=&#8221;2\/3&#8243;][vc_gallery type=&#8221;image_grid&#8221; images=&#8221;5875,5873,5871,5869&#8243;][\/vc_column][vc_column width=&#8221;1\/3&#8243;][\/vc_column][\/vc_row][vc_row][vc_column][vc_empty_space height=&#8221;15px&#8221;][vc_single_image image=&#8221;5883&#8243; img_size=&#8221;full&#8221; alignment=&#8221;center&#8221; onclick=&#8221;custom_link&#8221; img_link_target=&#8221;_blank&#8221; link=&#8221;https:\/\/www.fodors.com\/world\/europe\/italy\/experiences\/news\/12-italian-towns-that-carpet-their-streets-with-flowers?&#8221;][vc_empty_space height=&#8221;15px&#8221;][\/vc_column][\/vc_row][vc_row][vc_column width=&#8221;1\/3&#8243;][vc_single_image image=&#8221;5885&#8243; img_size=&#8221;full&#8221; alignment=&#8221;center&#8221; onclick=&#8221;custom_link&#8221; img_link_target=&#8221;_blank&#8221; link=&#8221;https:\/\/ranchandcoast.com\/explore\/heartthrob-hotels\/&#8221;][\/vc_column][vc_column width=&#8221;1\/3&#8243;][vc_single_image image=&#8221;5894&#8243; img_size=&#8221;full&#8221; alignment=&#8221;center&#8221; onclick=&#8221;custom_link&#8221; img_link_target=&#8221;_blank&#8221; link=&#8221;www.smithsonianmag.com\/travel\/follow-dantes-footsteps-through-italy-180977029\/?fbclid=IwAR10JRrBhOfmAXP04yteCkMRR6e184kCIyszF_aYKX9D_ZhZivG6UllqDt0&#8243;][\/vc_column][vc_column width=&#8221;1\/3&#8243;][vc_single_image image=&#8221;5896&#8243; img_size=&#8221;full&#8221; alignment=&#8221;center&#8221; onclick=&#8221;custom_link&#8221; img_link_target=&#8221;_blank&#8221; link=&#8221;https:\/\/theromanguy.com\/italy-travel-blog\/florence\/guide-to-visiting-casa-di-dante-in-florence\/?fbclid=IwAR1I0YtI0s7vUkx3DqTMquODw5M7LZwYsQtoDb-iFvguCZAzoOihDVNWME0&#8243;][\/vc_column][\/vc_row][vc_row][vc_column][vc_column_text]\n<h3>ITALY ON USA MEDIA<\/h3>\n[\/vc_column_text][vc_column_text]<a href=\"\/wp-content\/uploads\/2021\/06\/CondeNast-An_Expats_Guide_To_Discovering_Italys_Most_Unexpected_Experiences.pdf\" target=\"_blank\" rel=\"noopener\">CondeNast &#8211; An Expats Guide To Discovering Italy&#8217;s Most Unexpected Experiences<\/a><br \/>\n<a href=\"\/wp-content\/uploads\/2021\/06\/Elle-Decor-Quiz.pdf\" target=\"_blank\" rel=\"noopener\">Elle &#8211; Decor Quiz<\/a><br \/>\n<a href=\"\/wp-content\/uploads\/2021\/06\/Elle-Decor-Superhero.pdf\" target=\"_blank\" rel=\"noopener\">Elle &#8211; Decor Superhero<\/a><br \/>\n<a href=\"\/wp-content\/uploads\/2021\/06\/Saveur-A_Passion_For_Pesto.pdf\" target=\"_blank\" rel=\"noopener\">Saveur &#8211; A Passion For Pesto<\/a><br \/>\n<a href=\"\/wp-content\/uploads\/2021\/06\/Saveur-Finding_The_Real_Dolce_Vita.pdf\" target=\"_blank\" rel=\"noopener\">Saveur &#8211; Finding The Real Dolce Vita<\/a><br \/>\n<a href=\"\/wp-content\/uploads\/2021\/06\/Saveur-Raising_The_Bar.pdf\" target=\"_blank\" rel=\"noopener\">Saveur &#8211; Raising The Bar<\/a><br \/>\n<a href=\"\/wp-content\/uploads\/2021\/06\/Sports-Illustrated-The_Cradle_Of_SuperCars.pdf\" target=\"_blank\" rel=\"noopener\">Sports Illustrated &#8211; The Cradle Of SuperCars<\/a>[\/vc_column_text][\/vc_column][\/vc_row][vc_row][vc_column][vc_empty_space height=&#8221;15px&#8221;][\/vc_column][\/vc_row][vc_row][vc_column width=&#8221;1\/2&#8243;][vc_video link=&#8221;https:\/\/youtu.be\/WVrHiS4bZaU&#8221;][vc_column_text]\n<p style=\"text-align: center;\"><a href=\"http:\/\/italiantourism.com\/mice.html\" target=\"_blank\" rel=\"noopener\">ITALIA &#8211; Let&#8217;s meet here<\/a><\/p>\n[\/vc_column_text][\/vc_column][vc_column width=&#8221;1\/2&#8243;][vc_video link=&#8221;https:\/\/youtu.be\/52lqltZFjxo&#8221;][vc_column_text]\n<p style=\"text-align: center;\"><a href=\"http:\/\/italiantourism.com\/friendlyitaly2.html\" target=\"_blank\" rel=\"noopener\">IGLTA Annual Global Convention<\/a><\/p>\n[\/vc_column_text][vc_empty_space][\/vc_column][\/vc_row][vc_row][vc_column width=&#8221;1\/4&#8243;][\/vc_column][vc_column width=&#8221;1\/2&#8243;][vc_video link=&#8221;https:\/\/youtu.be\/prDlj_xdAv8&#8243;][vc_empty_space][\/vc_column][vc_column width=&#8221;1\/4&#8243;][\/vc_column][\/vc_row][vc_row][vc_column][vc_empty_space height=&#8221;15px&#8221;][\/vc_column][\/vc_row][vc_row][vc_column width=&#8221;1\/2&#8243;][\/vc_column][vc_column width=&#8221;1\/2&#8243;][vc_single_image source=&#8221;external_link&#8221; alignment=&#8221;right&#8221; custom_src=&#8221;\/wp-content\/themes\/conall-child\/images\/Logo_B2C ENIT.svg&#8221;][\/vc_column][\/vc_row][vc_row][vc_column][vc_column_text]\n<h3>TURISMO DELLE RADICI<\/h3>\n[\/vc_column_text][vc_column_text]Il turismo delle radici \u00e8 un\u2019iniziativa di taglio innovativo lanciata dal Ministero degli Esteri e della Cooperazione Internazionale per promuovere il cosiddetto \u201cturismo di ritorno\u201d: <strong>viaggi verso il nostro Paese di Italiani e Italo-discendenti residenti all\u2019estero<\/strong> per riscoprire origini e storie familiari, territori di provenienza, tradizioni culturali, prodotti artigianali ed eno-gastronomia.<\/p>\n<p>Attraverso il \u201cturismo delle radici\u201d ci si propone di rafforzare i legami con l\u2019Italia, contribuire alla crescita sostenibile delle realt\u00e0 regionali, mobilitare risorse per la preservazione del patrimonio immobiliare, storico e culturale del nostro Paese in linea con l\u2019azione promozionale svolta dalla Farnesina \u201cVivere all\u2019Italiana\u201d.<\/p>\n<p>Tale modello turistico pu\u00f2 interessare un bacino potenziale tra i 60 e gli 80 milioni di italo-discendenti, che intendono ristabilire un contatto con il luogo di provenienza familiare e ritrovare un sentimento di appartenenza con i luoghi di origine: molti di essi vivono negli Stati Uniti.[\/vc_column_text][vc_empty_space][\/vc_column][\/vc_row][vc_row][vc_column width=&#8221;1\/3&#8243;][vc_video link=&#8221;https:\/\/www.youtube.com\/watch?v=JJa3g4FHPgQ&#8221; align=&#8221;center&#8221;][\/vc_column][vc_column width=&#8221;1\/3&#8243;][vc_video link=&#8221;https:\/\/youtu.be\/_b3e2oHArKQ&#8221; align=&#8221;center&#8221;][\/vc_column][vc_column width=&#8221;1\/3&#8243;][vc_video link=&#8221;https:\/\/www.youtube.com\/watch?v=V3ZvCFaj_ps&#8221; align=&#8221;center&#8221;][\/vc_column][\/vc_row][vc_row][vc_column][vc_empty_space height=&#8221;50px&#8221;][\/vc_column][\/vc_row]\n","protected":false},"excerpt":{"rendered":"<p> [&hellip;]<\/p>\n","protected":false},"author":1,"featured_media":0,"parent":0,"menu_order":0,"comment_status":"closed","ping_status":"closed","template":"","meta":[],"_links":{"self":[{"href":"https:\/\/www.italyus160.org\/it\/wp-json\/wp\/v2\/pages\/4575"}],"collection":[{"href":"https:\/\/www.italyus160.org\/it\/wp-json\/wp\/v2\/pages"}],"about":[{"href":"https:\/\/www.italyus160.org\/it\/wp-json\/wp\/v2\/types\/page"}],"author":[{"embeddable":true,"href":"https:\/\/www.italyus160.org\/it\/wp-json\/wp\/v2\/users\/1"}],"replies":[{"embeddable":true,"href":"https:\/\/www.italyus160.org\/it\/wp-json\/wp\/v2\/comments?post=4575"}],"version-history":[{"count":15,"href":"https:\/\/www.italyus160.org\/it\/wp-json\/wp\/v2\/pages\/4575\/revisions"}],"predecessor-version":[{"id":6141,"href":"https:\/\/www.italyus160.org\/it\/wp-json\/wp\/v2\/pages\/4575\/revisions\/6141"}],"wp:attachment":[{"href":"https:\/\/www.italyus160.org\/it\/wp-json\/wp\/v2\/media?parent=4575"}],"curies":[{"name":"wp","href":"https:\/\/api.w.org\/{rel}","templated":true}]}}